{"id":6464,"date":"2026-01-15T11:09:54","date_gmt":"2026-01-15T10:09:54","guid":{"rendered":"https:\/\/srv21005.omansrv21.omanbros.com\/iskalnik-referenc\/"},"modified":"2026-04-24T10:29:51","modified_gmt":"2026-04-24T08:29:51","slug":"iskalnik-referenc","status":"publish","type":"page","link":"https:\/\/srv21005.omansrv21.omanbros.com\/sl\/iskalnik-referenc\/","title":{"rendered":"Iskalnik referenc"},"content":{"rendered":"\t\t<div data-elementor-type=\"wp-page\" data-elementor-id=\"6464\" class=\"elementor elementor-6464 elementor-18\" data-elementor-post-type=\"page\">\n\t\t\t\t<div class=\"elementor-element elementor-element-4a301c0 e-con-full e-flex e-con e-parent\" data-id=\"4a301c0\" data-element_type=\"container\" data-e-type=\"container\">\n\t\t\t\t<div class=\"elementor-element elementor-element-0336a4c elementor-widget elementor-widget-text-editor\" data-id=\"0336a4c\" data-element_type=\"widget\" data-e-type=\"widget\" data-widget_type=\"text-editor.default\">\n\t\t\t\t\t\t\t\t\t<p>S ponosom se lahko danes spominjamo ve\u010d sto projektov, pri katerih so bile fasade ali drugi deli objekta realizirani s pomo\u010djo ProMetalla. Radi bi vam ponudili mo\u017enost, da si izbrane referen\u010dne objekte ogledate v \u017eivo in dobite pravo predstavo o ProMetallovem dizajnu in kakovosti. Samo izberite, kaj bi si \u017eeleli ogledati:  <\/p>\t\t\t\t\t\t\t\t<\/div>\n\t\t\t\t<div class=\"elementor-element elementor-element-9612de9 elementor-widget-divider--view-line elementor-widget elementor-widget-divider\" data-id=\"9612de9\" data-element_type=\"widget\" data-e-type=\"widget\" data-widget_type=\"divider.default\">\n\t\t\t\t\t\t\t<div class=\"elementor-divider\">\n\t\t\t<span class=\"elementor-divider-separator\">\n\t\t\t\t\t\t<\/span>\n\t\t<\/div>\n\t\t\t\t\t\t<\/div>\n\t\t\t\t<div class=\"elementor-element elementor-element-a3025d3 elementor-widget elementor-widget-shortcode\" data-id=\"a3025d3\" data-element_type=\"widget\" data-e-type=\"widget\" data-widget_type=\"shortcode.default\">\n\t\t\t\t\t\t\t<div class=\"elementor-shortcode\">\n  <!-- FILTER CONTAINER -->\n  <div class=\"pm-map-controls-outer\">\n    <div class=\"pm-map-controls-row pm-row-1\">\n      <div class=\"pm-ctrl\">\n        <label for=\"pmf-loc\">Va\u0161a lokacija<\/label>\n        <input id=\"pmf-loc\" type=\"text\" placeholder=\"Va\u0161a lokacija \u2026\">\n      <\/div>\n\n      <div class=\"pm-ctrl\">\n        <label for=\"pmf-cat\">Kategorije izdelkov<\/label>\n        <select id=\"pmf-cat\"><option value=\"\">Kategorije izdelkov<\/option><\/select>\n      <\/div>\n\n      <div class=\"pm-ctrl\">\n        <label for=\"pmf-einsatz\">Uporaba<\/label>\n        <select id=\"pmf-einsatz\"><option value=\"\">Uporaba<\/option><\/select>\n      <\/div>\n\n      <div class=\"pm-ctrl\">\n        <label for=\"pmf-sort\">Razvrsti po<\/label>\n        <select id=\"pmf-sort\">\n          <option value=\"distance\" selected>Razdalja<\/option>\n          <option value=\"title\">A\u2013Z<\/option>\n        <\/select>\n      <\/div>\n\n      <div class=\"pm-ctrl pm-search\">\n        <label for=\"pmf-search\">Iskanje<\/label>\n        <input id=\"pmf-search\" type=\"text\" placeholder=\"Iskanje \u2026\">\n      <\/div>\n    <\/div>\n\n    <div class=\"pm-map-controls-row pm-row-2\">\n      <div class=\"pm-ctrl small\">\n        <label for=\"pmf-radius\">Radij iskanja<\/label>\n        <select id=\"pmf-radius\">\n          <option value=\"10\">10 km<\/option>\n          <option value=\"25\">25 km<\/option>\n          <option value=\"50\" selected>50 km<\/option>\n          <option value=\"100\">100 km<\/option>\n          <option value=\"200\">200 km<\/option>\n        <\/select>\n      <\/div>\n\n      <div class=\"pm-ctrl small\">\n        <label for=\"pmf-perpage\">Rezultati<\/label>\n        <select id=\"pmf-perpage\">\n          <option value=\"10\">10<\/option>\n          <option value=\"25\" selected>25<\/option>\n          <option value=\"50\">50<\/option>\n          <option value=\"100\">100<\/option>\n        <\/select>\n      <\/div>\n\n      <div class=\"pm-actions\">\n        <button id=\"pmf-reset\" class=\"pm-link\" type=\"button\">Izbri\u0161i filter<\/button>\n        <button id=\"pmf-apply\" class=\"pm-primary\" type=\"button\">Prika\u017ei reference<\/button>\n      <\/div>\n    <\/div>\n  <\/div>\n\n  <!-- MAP + LISTE -->\n  <div id=\"pm-map-wrap\" class=\"pm-map-wrap\">\n    <div class=\"pm-map-sidebar\">\n      <div id=\"pm-map-list\"><\/div>\n    <\/div>\n\n    <div id=\"pm-map\">\n      <div class=\"pm-map-ctrlhint\" aria-hidden=\"true\">Za pove\u010davo uporabite tipko CTRL + kolesce mi\u0161ke<\/div>\n    <\/div>\n  <\/div>\n\n<\/div>\n\t\t\t\t\t\t<\/div>\n\t\t\t\t<\/div>\n\t\t\t\t<\/div>\n\t\t","protected":false},"excerpt":{"rendered":"<p>S ponosom se lahko danes spominjamo ve\u010d sto projektov, pri katerih so bile fasade ali drugi deli objekta realizirani s pomo\u010djo ProMetalla. Radi bi vam ponudili mo\u017enost, da si izbrane referen\u010dne objekte ogledate v \u017eivo in dobite pravo predstavo o ProMetallovem dizajnu in kakovosti. Samo izberite, kaj bi si \u017eeleli ogledati:<\/p>\n","protected":false},"author":1,"featured_media":0,"parent":0,"menu_order":0,"comment_status":"closed","ping_status":"closed","template":"","meta":{"_acf_changed":false,"footnotes":""},"class_list":["post-6464","page","type-page","status-publish","hentry"],"acf":[],"yoast_head":"<!-- This site is optimized with the Yoast SEO plugin v27.5 - https:\/\/yoast.com\/product\/yoast-seo-wordpress\/ -->\n<title>Iskalnik referenc - Prometall f\u00fcr Architekten<\/title>\n<meta name=\"robots\" content=\"noindex, follow, max-snippet:-1, max-image-preview:large, max-video-preview:-1\" \/>\n<meta property=\"og:locale\" content=\"sl_SI\" \/>\n<meta property=\"og:type\" content=\"article\" \/>\n<meta property=\"og:title\" content=\"Iskalnik referenc - Prometall f\u00fcr Architekten\" \/>\n<meta property=\"og:description\" content=\"S ponosom se lahko danes spominjamo ve\u010d sto projektov, pri katerih so bile fasade ali drugi deli objekta realizirani s pomo\u010djo ProMetalla. Radi bi vam ponudili mo\u017enost, da si izbrane referen\u010dne objekte ogledate v \u017eivo in dobite pravo predstavo o ProMetallovem dizajnu in kakovosti. Samo izberite, kaj bi si \u017eeleli ogledati:\" \/>\n<meta property=\"og:url\" content=\"https:\/\/srv21005.omansrv21.omanbros.com\/sl\/iskalnik-referenc\/\" \/>\n<meta property=\"og:site_name\" content=\"Prometall f\u00fcr Architekten\" \/>\n<meta property=\"article:modified_time\" content=\"2026-04-24T08:29:51+00:00\" \/>\n<meta name=\"twitter:card\" content=\"summary_large_image\" \/>\n<script type=\"application\/ld+json\" class=\"yoast-schema-graph\">{\"@context\":\"https:\\\/\\\/schema.org\",\"@graph\":[{\"@type\":\"WebPage\",\"@id\":\"https:\\\/\\\/srv21005.omansrv21.omanbros.com\\\/sl\\\/iskalnik-referenc\\\/\",\"url\":\"https:\\\/\\\/srv21005.omansrv21.omanbros.com\\\/sl\\\/iskalnik-referenc\\\/\",\"name\":\"Iskalnik referenc - Prometall f\u00fcr Architekten\",\"isPartOf\":{\"@id\":\"https:\\\/\\\/srv21005.omansrv21.omanbros.com\\\/#website\"},\"datePublished\":\"2026-01-15T10:09:54+00:00\",\"dateModified\":\"2026-04-24T08:29:51+00:00\",\"breadcrumb\":{\"@id\":\"https:\\\/\\\/srv21005.omansrv21.omanbros.com\\\/sl\\\/iskalnik-referenc\\\/#breadcrumb\"},\"inLanguage\":\"sl-SI\",\"potentialAction\":[{\"@type\":\"ReadAction\",\"target\":[\"https:\\\/\\\/srv21005.omansrv21.omanbros.com\\\/sl\\\/iskalnik-referenc\\\/\"]}]},{\"@type\":\"BreadcrumbList\",\"@id\":\"https:\\\/\\\/srv21005.omansrv21.omanbros.com\\\/sl\\\/iskalnik-referenc\\\/#breadcrumb\",\"itemListElement\":[{\"@type\":\"ListItem\",\"position\":1,\"name\":\"Start\",\"item\":\"https:\\\/\\\/srv21005.omansrv21.omanbros.com\\\/sl\\\/prometall-arhitektura\\\/\"},{\"@type\":\"ListItem\",\"position\":2,\"name\":\"Iskalnik referenc\"}]},{\"@type\":\"WebSite\",\"@id\":\"https:\\\/\\\/srv21005.omansrv21.omanbros.com\\\/#website\",\"url\":\"https:\\\/\\\/srv21005.omansrv21.omanbros.com\\\/\",\"name\":\"Prometall f\u00fcr Architekten\",\"description\":\"\",\"publisher\":{\"@id\":\"https:\\\/\\\/srv21005.omansrv21.omanbros.com\\\/#organization\"},\"potentialAction\":[{\"@type\":\"SearchAction\",\"target\":{\"@type\":\"EntryPoint\",\"urlTemplate\":\"https:\\\/\\\/srv21005.omansrv21.omanbros.com\\\/?s={search_term_string}\"},\"query-input\":{\"@type\":\"PropertyValueSpecification\",\"valueRequired\":true,\"valueName\":\"search_term_string\"}}],\"inLanguage\":\"sl-SI\"},{\"@type\":\"Organization\",\"@id\":\"https:\\\/\\\/srv21005.omansrv21.omanbros.com\\\/#organization\",\"name\":\"Prometall f\u00fcr Architekten\",\"url\":\"https:\\\/\\\/srv21005.omansrv21.omanbros.com\\\/\",\"logo\":{\"@type\":\"ImageObject\",\"inLanguage\":\"sl-SI\",\"@id\":\"https:\\\/\\\/srv21005.omansrv21.omanbros.com\\\/#\\\/schema\\\/logo\\\/image\\\/\",\"url\":\"https:\\\/\\\/srv21005.omansrv21.omanbros.com\\\/wp-content\\\/uploads\\\/2026\\\/01\\\/Prometall_Logo.png\",\"contentUrl\":\"https:\\\/\\\/srv21005.omansrv21.omanbros.com\\\/wp-content\\\/uploads\\\/2026\\\/01\\\/Prometall_Logo.png\",\"width\":151,\"height\":36,\"caption\":\"Prometall f\u00fcr Architekten\"},\"image\":{\"@id\":\"https:\\\/\\\/srv21005.omansrv21.omanbros.com\\\/#\\\/schema\\\/logo\\\/image\\\/\"}}]}<\/script>\n<!-- \/ Yoast SEO plugin. -->","yoast_head_json":{"title":"Iskalnik referenc - Prometall f\u00fcr Architekten","robots":{"index":"noindex","follow":"follow","max-snippet":"max-snippet:-1","max-image-preview":"max-image-preview:large","max-video-preview":"max-video-preview:-1"},"og_locale":"sl_SI","og_type":"article","og_title":"Iskalnik referenc - Prometall f\u00fcr Architekten","og_description":"S ponosom se lahko danes spominjamo ve\u010d sto projektov, pri katerih so bile fasade ali drugi deli objekta realizirani s pomo\u010djo ProMetalla. Radi bi vam ponudili mo\u017enost, da si izbrane referen\u010dne objekte ogledate v \u017eivo in dobite pravo predstavo o ProMetallovem dizajnu in kakovosti. Samo izberite, kaj bi si \u017eeleli ogledati:","og_url":"https:\/\/srv21005.omansrv21.omanbros.com\/sl\/iskalnik-referenc\/","og_site_name":"Prometall f\u00fcr Architekten","article_modified_time":"2026-04-24T08:29:51+00:00","twitter_card":"summary_large_image","schema":{"@context":"https:\/\/schema.org","@graph":[{"@type":"WebPage","@id":"https:\/\/srv21005.omansrv21.omanbros.com\/sl\/iskalnik-referenc\/","url":"https:\/\/srv21005.omansrv21.omanbros.com\/sl\/iskalnik-referenc\/","name":"Iskalnik referenc - Prometall f\u00fcr Architekten","isPartOf":{"@id":"https:\/\/srv21005.omansrv21.omanbros.com\/#website"},"datePublished":"2026-01-15T10:09:54+00:00","dateModified":"2026-04-24T08:29:51+00:00","breadcrumb":{"@id":"https:\/\/srv21005.omansrv21.omanbros.com\/sl\/iskalnik-referenc\/#breadcrumb"},"inLanguage":"sl-SI","potentialAction":[{"@type":"ReadAction","target":["https:\/\/srv21005.omansrv21.omanbros.com\/sl\/iskalnik-referenc\/"]}]},{"@type":"BreadcrumbList","@id":"https:\/\/srv21005.omansrv21.omanbros.com\/sl\/iskalnik-referenc\/#breadcrumb","itemListElement":[{"@type":"ListItem","position":1,"name":"Start","item":"https:\/\/srv21005.omansrv21.omanbros.com\/sl\/prometall-arhitektura\/"},{"@type":"ListItem","position":2,"name":"Iskalnik referenc"}]},{"@type":"WebSite","@id":"https:\/\/srv21005.omansrv21.omanbros.com\/#website","url":"https:\/\/srv21005.omansrv21.omanbros.com\/","name":"Prometall f\u00fcr Architekten","description":"","publisher":{"@id":"https:\/\/srv21005.omansrv21.omanbros.com\/#organization"},"potentialAction":[{"@type":"SearchAction","target":{"@type":"EntryPoint","urlTemplate":"https:\/\/srv21005.omansrv21.omanbros.com\/?s={search_term_string}"},"query-input":{"@type":"PropertyValueSpecification","valueRequired":true,"valueName":"search_term_string"}}],"inLanguage":"sl-SI"},{"@type":"Organization","@id":"https:\/\/srv21005.omansrv21.omanbros.com\/#organization","name":"Prometall f\u00fcr Architekten","url":"https:\/\/srv21005.omansrv21.omanbros.com\/","logo":{"@type":"ImageObject","inLanguage":"sl-SI","@id":"https:\/\/srv21005.omansrv21.omanbros.com\/#\/schema\/logo\/image\/","url":"https:\/\/srv21005.omansrv21.omanbros.com\/wp-content\/uploads\/2026\/01\/Prometall_Logo.png","contentUrl":"https:\/\/srv21005.omansrv21.omanbros.com\/wp-content\/uploads\/2026\/01\/Prometall_Logo.png","width":151,"height":36,"caption":"Prometall f\u00fcr Architekten"},"image":{"@id":"https:\/\/srv21005.omansrv21.omanbros.com\/#\/schema\/logo\/image\/"}}]}},"_links":{"self":[{"href":"https:\/\/srv21005.omansrv21.omanbros.com\/sl\/wp-json\/wp\/v2\/pages\/6464","targetHints":{"allow":["GET"]}}],"collection":[{"href":"https:\/\/srv21005.omansrv21.omanbros.com\/sl\/wp-json\/wp\/v2\/pages"}],"about":[{"href":"https:\/\/srv21005.omansrv21.omanbros.com\/sl\/wp-json\/wp\/v2\/types\/page"}],"author":[{"embeddable":true,"href":"https:\/\/srv21005.omansrv21.omanbros.com\/sl\/wp-json\/wp\/v2\/users\/1"}],"replies":[{"embeddable":true,"href":"https:\/\/srv21005.omansrv21.omanbros.com\/sl\/wp-json\/wp\/v2\/comments?post=6464"}],"version-history":[{"count":1,"href":"https:\/\/srv21005.omansrv21.omanbros.com\/sl\/wp-json\/wp\/v2\/pages\/6464\/revisions"}],"predecessor-version":[{"id":6465,"href":"https:\/\/srv21005.omansrv21.omanbros.com\/sl\/wp-json\/wp\/v2\/pages\/6464\/revisions\/6465"}],"wp:attachment":[{"href":"https:\/\/srv21005.omansrv21.omanbros.com\/sl\/wp-json\/wp\/v2\/media?parent=6464"}],"curies":[{"name":"wp","href":"https:\/\/api.w.org\/{rel}","templated":true}]}}